{"id":415,"date":"2023-06-27T08:13:09","date_gmt":"2023-06-27T08:13:09","guid":{"rendered":"https:\/\/www.freshgelato.pl\/zabrze\/?page_id=415"},"modified":"2023-06-29T09:05:45","modified_gmt":"2023-06-29T09:05:45","slug":"zamow-on-line","status":"publish","type":"page","link":"https:\/\/www.freshgelato.pl\/zabrze\/zamow-on-line\/","title":{"rendered":"Zam\u00f3w on-line"},"content":{"rendered":"<p><div class=\"fusion-fullwidth fullwidth-box fusion-builder-row-1 fusion-flex-container has-pattern-background has-mask-background max-width naglowek_pasek nonhundred-percent-fullwidth non-hundred-percent-height-scrolling\" style=\"background-color: #019bd6;background-position: center center;background-repeat: no-repeat;border-width: 0px 0px 0px 0px;border-color:var(--awb-color3);border-style:solid;\" ><div class=\"fusion-builder-row fusion-row fusion-flex-align-items-flex-start\" style=\"max-width:1248px;margin-left: calc(-4% \/ 2 );margin-right: calc(-4% \/ 2 );\"><div class=\"fusion-layout-column fusion_builder_column fusion-builder-column-0 fusion_builder_column_1_1 1_1 fusion-flex-column\"><div class=\"fusion-column-wrapper fusion-flex-justify-content-flex-start fusion-content-layout-column\" style=\"background-position:left top;background-repeat:no-repeat;-webkit-background-size:cover;-moz-background-size:cover;-o-background-size:cover;background-size:cover;padding: 0px 0px 0px 0px;\"><div class=\"fusion-text fusion-text-1 page_title\"><p style=\"text-align: center;\">Zam\u00f3w on-line<\/p>\n<\/div><\/div><style type=\"text\/css\">.fusion-body .fusion-builder-column-0{width:100% !important;margin-top : 0px;margin-bottom : 20px;}.fusion-builder-column-0 > .fusion-column-wrapper {padding-top : 0px !important;padding-right : 0px !important;margin-right : 1.92%;padding-bottom : 0px !important;padding-left : 0px !important;margin-left : 1.92%;}@media only screen and (max-width:1024px) {.fusion-body .fusion-builder-column-0{width:100% !important;order : 0;}.fusion-builder-column-0 > .fusion-column-wrapper {margin-right : 1.92%;margin-left : 1.92%;}}@media only screen and (max-width:1000px) {.fusion-body .fusion-builder-column-0{width:100% !important;order : 0;}.fusion-builder-column-0 > .fusion-column-wrapper {margin-right : 1.92%;margin-left : 1.92%;}}<\/style><\/div><\/div><style type=\"text\/css\">.fusion-body .fusion-flex-container.fusion-builder-row-1{ padding-top : 0px;margin-top : 0px;padding-right : 0px;padding-bottom : 0px;margin-bottom : 0px;padding-left : 0px;}<\/style><\/div><div class=\"fusion-fullwidth fullwidth-box fusion-builder-row-2 fusion-flex-container has-pattern-background has-mask-background content_width nonhundred-percent-fullwidth non-hundred-percent-height-scrolling\" style=\"background-color: rgba(255,255,255,0);background-position: center bottom;background-repeat: no-repeat;border-width: 0px 0px 0px 0px;border-color:var(--awb-color3);border-style:solid;\" ><div class=\"fusion-builder-row fusion-row fusion-flex-align-items-flex-start\" style=\"max-width:1248px;margin-left: calc(-4% \/ 2 );margin-right: calc(-4% \/ 2 );\"><div class=\"fusion-layout-column fusion_builder_column fusion-builder-column-1 fusion_builder_column_1_1 1_1 fusion-flex-column\"><div class=\"fusion-column-wrapper fusion-flex-justify-content-flex-start fusion-content-layout-column\" style=\"background-position:left top;background-repeat:no-repeat;-webkit-background-size:cover;-moz-background-size:cover;-o-background-size:cover;background-size:cover;padding: 0px 0px 0px 0px;\"><div class=\"fusion-text fusion-text-2\"><div id=\"db-root-widget\"><\/div>\n<p><script>\n            window.dbLang = \"pl\";\n            window.locationId = \"27a4d1d8-4f6e-5f00-bf79-f83e92b29853\";\n<\/script><br \/>\n<script src='https:\/\/widget-cdn.directbistro.com\/js\/main.js'><\/script><\/p>\n<\/div><\/div><style type=\"text\/css\">.fusion-body .fusion-builder-column-1{width:100% !important;margin-top : 0px;margin-bottom : 20px;}.fusion-builder-column-1 > .fusion-column-wrapper {padding-top : 0px !important;padding-right : 0px !important;margin-right : 1.92%;padding-bottom : 0px !important;padding-left : 0px !important;margin-left : 1.92%;}@media only screen and (max-width:1024px) {.fusion-body .fusion-builder-column-1{width:100% !important;order : 0;}.fusion-builder-column-1 > .fusion-column-wrapper {margin-right : 1.92%;margin-left : 1.92%;}}@media only screen and (max-width:1000px) {.fusion-body .fusion-builder-column-1{width:100% !important;order : 0;}.fusion-builder-column-1 > .fusion-column-wrapper {margin-right : 1.92%;margin-left : 1.92%;}}<\/style><\/div><\/div><style type=\"text\/css\">.fusion-body .fusion-flex-container.fusion-builder-row-2{ padding-top : 40px;margin-top : 0px;padding-right : 0px;padding-bottom : 0px;margin-bottom : 0px;padding-left : 0px;}<\/style><\/div><\/p>\n","protected":false},"excerpt":{"rendered":"","protected":false},"author":2,"featured_media":0,"parent":0,"menu_order":0,"comment_status":"closed","ping_status":"closed","template":"100-width.php","meta":{"footnotes":""},"yoast_head":"<!-- This site is optimized with the Yoast SEO plugin v19.9 - https:\/\/yoast.com\/wordpress\/plugins\/seo\/ -->\n<title>Zam\u00f3w lody ON-LINE - Fresh Gelato Sezamkowa 1<\/title>\n<meta name=\"description\" content=\"Fresh Gelato Cafe Sezamkowa 1 to miejsce z w\u0142osk\u0105 tradycj\u0105 i charakterem. Nasz\u0105 specjalno\u015bci\u0105 s\u0105 lody rzemie\u015blnicze Fresh Gelato\" \/>\n<meta name=\"robots\" content=\"noindex, follow, max-snippet:-1, max-image-preview:large, max-video-preview:-1\" \/>\n<meta property=\"og:locale\" content=\"pl_PL\" \/>\n<meta property=\"og:type\" content=\"article\" \/>\n<meta property=\"og:title\" content=\"Zam\u00f3w lody ON-LINE - Fresh Gelato Sezamkowa 1\" \/>\n<meta property=\"og:description\" content=\"Fresh Gelato Cafe Sezamkowa 1 to miejsce z w\u0142osk\u0105 tradycj\u0105 i charakterem. Nasz\u0105 specjalno\u015bci\u0105 s\u0105 lody rzemie\u015blnicze Fresh Gelato\" \/>\n<meta property=\"og:url\" content=\"https:\/\/www.freshgelato.pl\/zabrze\/zamow-on-line\/\" \/>\n<meta property=\"og:site_name\" content=\"Fresh Gelato\" \/>\n<meta property=\"article:modified_time\" content=\"2023-06-29T09:05:45+00:00\" \/>\n<meta name=\"twitter:card\" content=\"summary_large_image\" \/>\n<meta name=\"twitter:label1\" content=\"Szacowany czas czytania\" \/>\n\t<meta name=\"twitter:data1\" content=\"4 minuty\" \/>\n<script type=\"application\/ld+json\" class=\"yoast-schema-graph\">{\"@context\":\"https:\/\/schema.org\",\"@graph\":[{\"@type\":\"WebPage\",\"@id\":\"https:\/\/www.freshgelato.pl\/zabrze\/zamow-on-line\/\",\"url\":\"https:\/\/www.freshgelato.pl\/zabrze\/zamow-on-line\/\",\"name\":\"Zam\u00f3w lody ON-LINE - Fresh Gelato Sezamkowa 1\",\"isPartOf\":{\"@id\":\"https:\/\/www.freshgelato.pl\/zabrze\/#website\"},\"datePublished\":\"2023-06-27T08:13:09+00:00\",\"dateModified\":\"2023-06-29T09:05:45+00:00\",\"description\":\"Fresh Gelato Cafe Sezamkowa 1 to miejsce z w\u0142osk\u0105 tradycj\u0105 i charakterem. Nasz\u0105 specjalno\u015bci\u0105 s\u0105 lody rzemie\u015blnicze Fresh Gelato\",\"breadcrumb\":{\"@id\":\"https:\/\/www.freshgelato.pl\/zabrze\/zamow-on-line\/#breadcrumb\"},\"inLanguage\":\"pl-PL\",\"potentialAction\":[{\"@type\":\"ReadAction\",\"target\":[\"https:\/\/www.freshgelato.pl\/zabrze\/zamow-on-line\/\"]}]},{\"@type\":\"BreadcrumbList\",\"@id\":\"https:\/\/www.freshgelato.pl\/zabrze\/zamow-on-line\/#breadcrumb\",\"itemListElement\":[{\"@type\":\"ListItem\",\"position\":1,\"name\":\"Strona g\u0142\u00f3wna\",\"item\":\"https:\/\/www.freshgelato.pl\/zabrze\/\"},{\"@type\":\"ListItem\",\"position\":2,\"name\":\"Zam\u00f3w on-line\"}]},{\"@type\":\"WebSite\",\"@id\":\"https:\/\/www.freshgelato.pl\/zabrze\/#website\",\"url\":\"https:\/\/www.freshgelato.pl\/zabrze\/\",\"name\":\"Fresh Gelato\",\"description\":\"Sezamkowa 1 - W\u0142oskie lody szczecin\",\"potentialAction\":[{\"@type\":\"SearchAction\",\"target\":{\"@type\":\"EntryPoint\",\"urlTemplate\":\"https:\/\/www.freshgelato.pl\/zabrze\/?s={search_term_string}\"},\"query-input\":\"required name=search_term_string\"}],\"inLanguage\":\"pl-PL\"}]}<\/script>\n<!-- \/ Yoast SEO plugin. -->","yoast_head_json":{"title":"Zam\u00f3w lody ON-LINE - Fresh Gelato Sezamkowa 1","description":"Fresh Gelato Cafe Sezamkowa 1 to miejsce z w\u0142osk\u0105 tradycj\u0105 i charakterem. Nasz\u0105 specjalno\u015bci\u0105 s\u0105 lody rzemie\u015blnicze Fresh Gelato","robots":{"index":"noindex","follow":"follow","max-snippet":"max-snippet:-1","max-image-preview":"max-image-preview:large","max-video-preview":"max-video-preview:-1"},"og_locale":"pl_PL","og_type":"article","og_title":"Zam\u00f3w lody ON-LINE - Fresh Gelato Sezamkowa 1","og_description":"Fresh Gelato Cafe Sezamkowa 1 to miejsce z w\u0142osk\u0105 tradycj\u0105 i charakterem. Nasz\u0105 specjalno\u015bci\u0105 s\u0105 lody rzemie\u015blnicze Fresh Gelato","og_url":"https:\/\/www.freshgelato.pl\/zabrze\/zamow-on-line\/","og_site_name":"Fresh Gelato","article_modified_time":"2023-06-29T09:05:45+00:00","twitter_card":"summary_large_image","twitter_misc":{"Szacowany czas czytania":"4 minuty"},"schema":{"@context":"https:\/\/schema.org","@graph":[{"@type":"WebPage","@id":"https:\/\/www.freshgelato.pl\/zabrze\/zamow-on-line\/","url":"https:\/\/www.freshgelato.pl\/zabrze\/zamow-on-line\/","name":"Zam\u00f3w lody ON-LINE - Fresh Gelato Sezamkowa 1","isPartOf":{"@id":"https:\/\/www.freshgelato.pl\/zabrze\/#website"},"datePublished":"2023-06-27T08:13:09+00:00","dateModified":"2023-06-29T09:05:45+00:00","description":"Fresh Gelato Cafe Sezamkowa 1 to miejsce z w\u0142osk\u0105 tradycj\u0105 i charakterem. Nasz\u0105 specjalno\u015bci\u0105 s\u0105 lody rzemie\u015blnicze Fresh Gelato","breadcrumb":{"@id":"https:\/\/www.freshgelato.pl\/zabrze\/zamow-on-line\/#breadcrumb"},"inLanguage":"pl-PL","potentialAction":[{"@type":"ReadAction","target":["https:\/\/www.freshgelato.pl\/zabrze\/zamow-on-line\/"]}]},{"@type":"BreadcrumbList","@id":"https:\/\/www.freshgelato.pl\/zabrze\/zamow-on-line\/#breadcrumb","itemListElement":[{"@type":"ListItem","position":1,"name":"Strona g\u0142\u00f3wna","item":"https:\/\/www.freshgelato.pl\/zabrze\/"},{"@type":"ListItem","position":2,"name":"Zam\u00f3w on-line"}]},{"@type":"WebSite","@id":"https:\/\/www.freshgelato.pl\/zabrze\/#website","url":"https:\/\/www.freshgelato.pl\/zabrze\/","name":"Fresh Gelato","description":"Sezamkowa 1 - W\u0142oskie lody szczecin","potentialAction":[{"@type":"SearchAction","target":{"@type":"EntryPoint","urlTemplate":"https:\/\/www.freshgelato.pl\/zabrze\/?s={search_term_string}"},"query-input":"required name=search_term_string"}],"inLanguage":"pl-PL"}]}},"_links":{"self":[{"href":"https:\/\/www.freshgelato.pl\/zabrze\/wp-json\/wp\/v2\/pages\/415"}],"collection":[{"href":"https:\/\/www.freshgelato.pl\/zabrze\/wp-json\/wp\/v2\/pages"}],"about":[{"href":"https:\/\/www.freshgelato.pl\/zabrze\/wp-json\/wp\/v2\/types\/page"}],"author":[{"embeddable":true,"href":"https:\/\/www.freshgelato.pl\/zabrze\/wp-json\/wp\/v2\/users\/2"}],"replies":[{"embeddable":true,"href":"https:\/\/www.freshgelato.pl\/zabrze\/wp-json\/wp\/v2\/comments?post=415"}],"version-history":[{"count":2,"href":"https:\/\/www.freshgelato.pl\/zabrze\/wp-json\/wp\/v2\/pages\/415\/revisions"}],"predecessor-version":[{"id":420,"href":"https:\/\/www.freshgelato.pl\/zabrze\/wp-json\/wp\/v2\/pages\/415\/revisions\/420"}],"wp:attachment":[{"href":"https:\/\/www.freshgelato.pl\/zabrze\/wp-json\/wp\/v2\/media?parent=415"}],"curies":[{"name":"wp","href":"https:\/\/api.w.org\/{rel}","templated":true}]}}